{"id":152,"date":"2024-10-27T17:33:20","date_gmt":"2024-10-27T17:33:20","guid":{"rendered":"https:\/\/life.itu.int\/retraites\/?page_id=152"},"modified":"2025-06-22T17:15:09","modified_gmt":"2025-06-22T17:15:09","slug":"adherer","status":"publish","type":"page","link":"https:\/\/life.itu.int\/retraites\/adherer\/","title":{"rendered":"Adh\u00e9sion et cotisation"},"content":{"rendered":"\n<h3 class=\"wp-block-heading\">L\u2019Association, ce sont plus de 400 membres qui b\u00e9n\u00e9ficient<\/h3>\n\n\n\n<ul class=\"wp-block-list\">\n<li>d\u2019informations et de conseils en mati\u00e8re de pension et d\u2019assurance maladie<\/li>\n\n\n\n<li>d\u2019informations pratiques pour le quotidien<\/li>\n\n\n\n<li>de rencontres conviviales autour de repas<\/li>\n\n\n\n<li>de randonn\u00e9es p\u00e9destres<\/li>\n\n\n\n<li>de voyages.<\/li>\n<\/ul>\n\n\n\n<p>L\u2019Association maintien des liens \u00e9troits avec le Conseil du personnel et le Syndicat du personnel de l\u2019UIT en vue de coordonner ses actions. L\u2019Association collabore avec les autres associations de retrait\u00e9s pour atteindre ses buts, ce qui donne plus de poids \u00e0 ses actions. <\/p>\n\n\n\n<p>Tous nos membres ont qualit\u00e9 de membre \u00e0 vie et qu\u2019il n\u2019existe qu\u2019une sorte de cotisation: la cotisation unique \u00e0 vie, cette derni\u00e8re ayant \u00e9t\u00e9 r\u00e9ajust\u00e9e par l\u2019Assembl\u00e9e constituante du 17 novembre 2009 au montant de<strong> CHF 250.<\/strong>&#8211;  La cotisation est \u00e0 verser au CCP (compte de ch\u00e8que postal) num\u00e9ro 12-550588-6 avec comme b\u00e9n\u00e9ficiaire : Association des anciens fonctionnaires de l\u2019UIT.<\/p>\n\n\n\n<p>Pour adh\u00e9rer, remplir le formulaire en ligne en clickant sur le bouton ci-dessous <strong>ou<\/strong> remplir et nous renvoyer par le <a href=\"https:\/\/life.itu.int\/retraites\/wp-content\/uploads\/sites\/15\/2025\/02\/2024_adhesion_QR_FR-E_03.pdf\" target=\"_blank\" rel=\"noreferrer noopener\">formulaire pdf<\/a> joint.<\/p>\n\n\n\n<div class=\"wp-block-buttons is-content-justification-center is-layout-flex wp-container-core-buttons-is-layout-a89b3969 wp-block-buttons-is-layout-flex\">\n<div class=\"wp-block-button\"><a class=\"wp-block-button__link wp-element-button\" href=\"https:\/\/forms.office.com\/Pages\/ResponsePage.aspx?id=12TkI-YEh0uRPCS9iSGf01RU_0KwFrdHktCckxhl3XdUNlVaRFVVR0hLUE83NEoyV05UNjRJWFhXTy4u\" target=\"_blank\" rel=\"noreferrer noopener\">Adh\u00e9rer<\/a><\/div>\n<\/div>\n\n\n\n<p>Nos membres ont \u00e9galement la possibilit\u00e9 d\u2019adh\u00e9rer \u00e0 l\u2019AAFI \/ AFICS (Association des Anciens Fonctionnaires Internationaux \u2013 Gen\u00e8ve <a href=\"http:\/\/afics.unog.ch\/AAFI.htm\" target=\"_blank\" rel=\"noreferrer noopener\">afics.unog.ch\/AAFI.htm<\/a> ) moyennant une cotisation de CHF 150.- (au lieu de CHF 400.-). <br>Consulter la liste actualis\u00e9e des membres ci-dessous.<\/p>\n\n\n\n<div class=\"wp-block-buttons is-content-justification-center is-layout-flex wp-container-core-buttons-is-layout-a89b3969 wp-block-buttons-is-layout-flex\">\n<div class=\"wp-block-button\"><a class=\"wp-block-button__link wp-element-button\" href=\"https:\/\/life.itu.int\/retraites\/liste-des-membres-de-laafuit\/\" target=\"_blank\" rel=\"noreferrer noopener\">Liste des membres<\/a><\/div>\n<\/div>\n\n\n\n<h3 class=\"wp-block-heading\">Nous contacter<\/h3>\n\n\n\n<p>l\u2019Association dispose d\u2019un r\u00e9pondeur t\u00e9l\u00e9phonique au num\u00e9ro +41 22 730 55 84, n\u2019h\u00e9sitez pas \u00e0 laisser un message afin que l\u2019on puisse vous rappeler. Nous avons un bureau r\u00e9serv\u00e9 \u00e0 l\u2019association \u00e0 I\u2019UIT, au rez-de-chauss\u00e9e Varemb\u00e9 , V23, o\u00f9 le comit\u00e9 se r\u00e9unit une fois par mois, mais le comit\u00e9 n&rsquo;assure pas de permanence.<br>Vous pouvez \u00e9galement nous contacter par courriel \u00e0 l\u2019adresse <a href=\"mailto:retraites@itu.int\">retraites@itu.int<\/a> ou nous envoyer un message en utilisant les commentaires ci-dessous. <\/p>\n\n\n\n<h3 class=\"wp-block-heading\" style=\"font-size:30px\">Composition du comit\u00e9<\/h3>\n\n\n\n<p>Le Comit\u00e9 se compose (apr\u00e8s l\u2019AG du 8\/6\/2023 et de la r\u00e9union du Comit\u00e9 du 18\/1\/2024) de treize personnes&nbsp;:<\/p>\n\n\n\n<figure class=\"wp-block-table is-style-stripes\"><table class=\"has-fixed-layout\"><tbody><tr><td><strong>Pr\u00e9sidente&nbsp;<\/strong><\/td><td><strong>&nbsp;Mme Claude Briand<\/strong><\/td><\/tr><tr><td>Tr\u00e9sorier&nbsp;&nbsp;&nbsp;&nbsp;<\/td><td>&nbsp;M. Carlos Sanchez<\/td><\/tr><tr><td>Secr\u00e9taires&nbsp;<\/td><td>&nbsp;Mme Astrid Josserand et Mme Marie-Claire Priser<\/td><\/tr><tr><td>Responsables informatiques&nbsp;<\/td><td>&nbsp;MM. Nelson Verastegui, Jean-Pierre Berthet, Pradeep Prasad<\/td><\/tr><tr><td>Responsable assurance maladie UNSMIS&nbsp;<\/td><td>&nbsp;M. Alfredo Descalzi<\/td><\/tr><tr><td>Responsable pensions et AAFI&nbsp;<\/td><td>&nbsp;M. Peter Ransome<\/td><\/tr><tr><td>Responsable AAFI et Conseil du personnel&nbsp;<\/td><td>&nbsp;M. Fabio Bigi<\/td><\/tr><tr><td>Responsables randonn\u00e9es, voyages, loisirs&nbsp;<\/td><td>&nbsp;M. Jean-Pierre Berthet et M. Jean-Marie Estero<\/td><\/tr><tr><td>Membres&nbsp;<\/td><td>&nbsp;Mme Paulette Clerc, M. Roger Masson<\/td><\/tr><\/tbody><\/table><\/figure>\n\n\n\n<hr class=\"wp-block-separator has-alpha-channel-opacity\" style=\"margin-top:var(--wp--preset--spacing--80);margin-bottom:var(--wp--preset--spacing--80)\"\/>\n\n\n\t<div id=\"respond\" class=\"comment-respond wp-block-post-comments-form\">\n\t\t<h3 id=\"reply-title\" class=\"comment-reply-title\">Laisser un commentaire <small><a rel=\"nofollow\" id=\"cancel-comment-reply-link\" href=\"\/retraites\/wp-json\/wp\/v2\/pages\/152#respond\" style=\"display:none;\">Annuler la r\u00e9ponse<\/a><\/small><\/h3><p class=\"must-log-in\">Vous devez <a href=\"https:\/\/life.itu.int\/retraites\/wp-login.php?redirect_to=https%3A%2F%2Flife.itu.int%2Fretraites%2Fadherer%2F\">vous connecter<\/a> pour publier un commentaire.<\/p>\t<\/div><!-- #respond -->\n\t\n\n\n<p><\/p>\n\n\n<div class=\"logged-out wp-block-loginout\"><a rel=\"nofollow\" href=\"https:\/\/life.itu.int\/retraites\/wp-login.php?redirect_to=https%3A%2F%2Flife.itu.int%2Fretraites%2Fwp-json%2Fwp%2Fv2%2Fpages%2F152\">Connexion<\/a><\/div>\n\n\n<p><\/p>\n","protected":false},"excerpt":{"rendered":"<p>L\u2019Association, ce sont plus de 400 membres qui b\u00e9n\u00e9ficient L\u2019Association maintien des liens \u00e9troits avec le Conseil du personnel et le Syndicat du personnel de l\u2019UIT en vue de coordonner ses actions. L\u2019Association collabore avec les autres associations de retrait\u00e9s pour atteindre ses buts, ce qui donne plus de poids \u00e0 ses actions. Tous nos [&hellip;]<\/p>\n","protected":false},"author":15,"featured_media":102,"parent":0,"menu_order":0,"comment_status":"open","ping_status":"closed","template":"","meta":{"footnotes":""},"class_list":["post-152","page","type-page","status-publish","has-post-thumbnail","hentry"],"yoast_head":"<!-- This site is optimized with the Yoast SEO plugin v27.3 - https:\/\/yoast.com\/product\/yoast-seo-wordpress\/ -->\n<title>Adh\u00e9sion et cotisation - Association des anciens fonctionnaires de l\u2019Union Internationale des T\u00e9l\u00e9communications<\/title>\n<meta name=\"robots\" content=\"index, follow, max-snippet:-1, max-image-preview:large, max-video-preview:-1\" \/>\n<link rel=\"canonical\" href=\"https:\/\/life.itu.int\/retraites\/adherer\/\" \/>\n<meta property=\"og:locale\" content=\"fr_FR\" \/>\n<meta property=\"og:type\" content=\"article\" \/>\n<meta property=\"og:title\" content=\"Adh\u00e9sion et cotisation - Association des anciens fonctionnaires de l\u2019Union Internationale des T\u00e9l\u00e9communications\" \/>\n<meta property=\"og:description\" content=\"L\u2019Association, ce sont plus de 400 membres qui b\u00e9n\u00e9ficient L\u2019Association maintien des liens \u00e9troits avec le Conseil du personnel et le Syndicat du personnel de l\u2019UIT en vue de coordonner ses actions. L\u2019Association collabore avec les autres associations de retrait\u00e9s pour atteindre ses buts, ce qui donne plus de poids \u00e0 ses actions. Tous nos [&hellip;]\" \/>\n<meta property=\"og:url\" content=\"https:\/\/life.itu.int\/retraites\/adherer\/\" \/>\n<meta property=\"og:site_name\" content=\"Association des anciens fonctionnaires de l\u2019Union Internationale des T\u00e9l\u00e9communications\" \/>\n<meta property=\"article:modified_time\" content=\"2025-06-22T17:15:09+00:00\" \/>\n<meta property=\"og:image\" content=\"https:\/\/life.itu.int\/retraites\/wp-content\/uploads\/sites\/15\/2024\/10\/Screenshot-2024-10-24-at-18.05.40.png\" \/>\n\t<meta property=\"og:image:width\" content=\"1205\" \/>\n\t<meta property=\"og:image:height\" content=\"449\" \/>\n\t<meta property=\"og:image:type\" content=\"image\/png\" \/>\n<meta name=\"twitter:card\" content=\"summary_large_image\" \/>\n<meta name=\"twitter:label1\" content=\"Dur\u00e9e de lecture estim\u00e9e\" \/>\n\t<meta name=\"twitter:data1\" content=\"2 minutes\" \/>\n<script type=\"application\/ld+json\" class=\"yoast-schema-graph\">{\"@context\":\"https:\\\/\\\/schema.org\",\"@graph\":[{\"@type\":\"WebPage\",\"@id\":\"https:\\\/\\\/life.itu.int\\\/retraites\\\/adherer\\\/\",\"url\":\"https:\\\/\\\/life.itu.int\\\/retraites\\\/adherer\\\/\",\"name\":\"Adh\u00e9sion et cotisation - Association des anciens fonctionnaires de l\u2019Union Internationale des T\u00e9l\u00e9communications\",\"isPartOf\":{\"@id\":\"https:\\\/\\\/life.itu.int\\\/retraites\\\/#website\"},\"primaryImageOfPage\":{\"@id\":\"https:\\\/\\\/life.itu.int\\\/retraites\\\/adherer\\\/#primaryimage\"},\"image\":{\"@id\":\"https:\\\/\\\/life.itu.int\\\/retraites\\\/adherer\\\/#primaryimage\"},\"thumbnailUrl\":\"https:\\\/\\\/life.itu.int\\\/retraites\\\/wp-content\\\/uploads\\\/sites\\\/15\\\/2024\\\/10\\\/Screenshot-2024-10-24-at-18.05.40.png\",\"datePublished\":\"2024-10-27T17:33:20+00:00\",\"dateModified\":\"2025-06-22T17:15:09+00:00\",\"breadcrumb\":{\"@id\":\"https:\\\/\\\/life.itu.int\\\/retraites\\\/adherer\\\/#breadcrumb\"},\"inLanguage\":\"fr-FR\",\"potentialAction\":[{\"@type\":\"ReadAction\",\"target\":[\"https:\\\/\\\/life.itu.int\\\/retraites\\\/adherer\\\/\"]}]},{\"@type\":\"ImageObject\",\"inLanguage\":\"fr-FR\",\"@id\":\"https:\\\/\\\/life.itu.int\\\/retraites\\\/adherer\\\/#primaryimage\",\"url\":\"https:\\\/\\\/life.itu.int\\\/retraites\\\/wp-content\\\/uploads\\\/sites\\\/15\\\/2024\\\/10\\\/Screenshot-2024-10-24-at-18.05.40.png\",\"contentUrl\":\"https:\\\/\\\/life.itu.int\\\/retraites\\\/wp-content\\\/uploads\\\/sites\\\/15\\\/2024\\\/10\\\/Screenshot-2024-10-24-at-18.05.40.png\",\"width\":1205,\"height\":449,\"caption\":\"Repas de printemps 2024\"},{\"@type\":\"BreadcrumbList\",\"@id\":\"https:\\\/\\\/life.itu.int\\\/retraites\\\/adherer\\\/#breadcrumb\",\"itemListElement\":[{\"@type\":\"ListItem\",\"position\":1,\"name\":\"Accueil\",\"item\":\"https:\\\/\\\/life.itu.int\\\/retraites\\\/\"},{\"@type\":\"ListItem\",\"position\":2,\"name\":\"Adh\u00e9sion et cotisation\"}]},{\"@type\":\"WebSite\",\"@id\":\"https:\\\/\\\/life.itu.int\\\/retraites\\\/#website\",\"url\":\"https:\\\/\\\/life.itu.int\\\/retraites\\\/\",\"name\":\"Association des anciens fonctionnaires de l\u2019Union Internationale des T\u00e9l\u00e9communications\",\"description\":\"Association des anciens fonctionnaires de l&#039;Union Internationale des T\u00e9l\u00e9communications \u2013 Rester en contact\",\"publisher\":{\"@id\":\"https:\\\/\\\/life.itu.int\\\/retraites\\\/#organization\"},\"potentialAction\":[{\"@type\":\"SearchAction\",\"target\":{\"@type\":\"EntryPoint\",\"urlTemplate\":\"https:\\\/\\\/life.itu.int\\\/retraites\\\/?s={search_term_string}\"},\"query-input\":{\"@type\":\"PropertyValueSpecification\",\"valueRequired\":true,\"valueName\":\"search_term_string\"}}],\"inLanguage\":\"fr-FR\"},{\"@type\":\"Organization\",\"@id\":\"https:\\\/\\\/life.itu.int\\\/retraites\\\/#organization\",\"name\":\"Association des anciens fonctionnaires de l\u2019Union Internationale des T\u00e9l\u00e9communications\",\"url\":\"https:\\\/\\\/life.itu.int\\\/retraites\\\/\",\"logo\":{\"@type\":\"ImageObject\",\"inLanguage\":\"fr-FR\",\"@id\":\"https:\\\/\\\/life.itu.int\\\/retraites\\\/#\\\/schema\\\/logo\\\/image\\\/\",\"url\":\"https:\\\/\\\/life.itu.int\\\/retraites\\\/wp-content\\\/uploads\\\/sites\\\/15\\\/2024\\\/11\\\/cropped-Screenshot-2024-11-20-at-08.41.46.png\",\"contentUrl\":\"https:\\\/\\\/life.itu.int\\\/retraites\\\/wp-content\\\/uploads\\\/sites\\\/15\\\/2024\\\/11\\\/cropped-Screenshot-2024-11-20-at-08.41.46.png\",\"width\":512,\"height\":512,\"caption\":\"Association des anciens fonctionnaires de l\u2019Union Internationale des T\u00e9l\u00e9communications\"},\"image\":{\"@id\":\"https:\\\/\\\/life.itu.int\\\/retraites\\\/#\\\/schema\\\/logo\\\/image\\\/\"}}]}<\/script>\n<!-- \/ Yoast SEO plugin. -->","yoast_head_json":{"title":"Adh\u00e9sion et cotisation - Association des anciens fonctionnaires de l\u2019Union Internationale des T\u00e9l\u00e9communications","robots":{"index":"index","follow":"follow","max-snippet":"max-snippet:-1","max-image-preview":"max-image-preview:large","max-video-preview":"max-video-preview:-1"},"canonical":"https:\/\/life.itu.int\/retraites\/adherer\/","og_locale":"fr_FR","og_type":"article","og_title":"Adh\u00e9sion et cotisation - Association des anciens fonctionnaires de l\u2019Union Internationale des T\u00e9l\u00e9communications","og_description":"L\u2019Association, ce sont plus de 400 membres qui b\u00e9n\u00e9ficient L\u2019Association maintien des liens \u00e9troits avec le Conseil du personnel et le Syndicat du personnel de l\u2019UIT en vue de coordonner ses actions. L\u2019Association collabore avec les autres associations de retrait\u00e9s pour atteindre ses buts, ce qui donne plus de poids \u00e0 ses actions. Tous nos [&hellip;]","og_url":"https:\/\/life.itu.int\/retraites\/adherer\/","og_site_name":"Association des anciens fonctionnaires de l\u2019Union Internationale des T\u00e9l\u00e9communications","article_modified_time":"2025-06-22T17:15:09+00:00","og_image":[{"width":1205,"height":449,"url":"https:\/\/life.itu.int\/retraites\/wp-content\/uploads\/sites\/15\/2024\/10\/Screenshot-2024-10-24-at-18.05.40.png","type":"image\/png"}],"twitter_card":"summary_large_image","twitter_misc":{"Dur\u00e9e de lecture estim\u00e9e":"2 minutes"},"schema":{"@context":"https:\/\/schema.org","@graph":[{"@type":"WebPage","@id":"https:\/\/life.itu.int\/retraites\/adherer\/","url":"https:\/\/life.itu.int\/retraites\/adherer\/","name":"Adh\u00e9sion et cotisation - Association des anciens fonctionnaires de l\u2019Union Internationale des T\u00e9l\u00e9communications","isPartOf":{"@id":"https:\/\/life.itu.int\/retraites\/#website"},"primaryImageOfPage":{"@id":"https:\/\/life.itu.int\/retraites\/adherer\/#primaryimage"},"image":{"@id":"https:\/\/life.itu.int\/retraites\/adherer\/#primaryimage"},"thumbnailUrl":"https:\/\/life.itu.int\/retraites\/wp-content\/uploads\/sites\/15\/2024\/10\/Screenshot-2024-10-24-at-18.05.40.png","datePublished":"2024-10-27T17:33:20+00:00","dateModified":"2025-06-22T17:15:09+00:00","breadcrumb":{"@id":"https:\/\/life.itu.int\/retraites\/adherer\/#breadcrumb"},"inLanguage":"fr-FR","potentialAction":[{"@type":"ReadAction","target":["https:\/\/life.itu.int\/retraites\/adherer\/"]}]},{"@type":"ImageObject","inLanguage":"fr-FR","@id":"https:\/\/life.itu.int\/retraites\/adherer\/#primaryimage","url":"https:\/\/life.itu.int\/retraites\/wp-content\/uploads\/sites\/15\/2024\/10\/Screenshot-2024-10-24-at-18.05.40.png","contentUrl":"https:\/\/life.itu.int\/retraites\/wp-content\/uploads\/sites\/15\/2024\/10\/Screenshot-2024-10-24-at-18.05.40.png","width":1205,"height":449,"caption":"Repas de printemps 2024"},{"@type":"BreadcrumbList","@id":"https:\/\/life.itu.int\/retraites\/adherer\/#breadcrumb","itemListElement":[{"@type":"ListItem","position":1,"name":"Accueil","item":"https:\/\/life.itu.int\/retraites\/"},{"@type":"ListItem","position":2,"name":"Adh\u00e9sion et cotisation"}]},{"@type":"WebSite","@id":"https:\/\/life.itu.int\/retraites\/#website","url":"https:\/\/life.itu.int\/retraites\/","name":"Association des anciens fonctionnaires de l\u2019Union Internationale des T\u00e9l\u00e9communications","description":"Association des anciens fonctionnaires de l&#039;Union Internationale des T\u00e9l\u00e9communications \u2013 Rester en contact","publisher":{"@id":"https:\/\/life.itu.int\/retraites\/#organization"},"potentialAction":[{"@type":"SearchAction","target":{"@type":"EntryPoint","urlTemplate":"https:\/\/life.itu.int\/retraites\/?s={search_term_string}"},"query-input":{"@type":"PropertyValueSpecification","valueRequired":true,"valueName":"search_term_string"}}],"inLanguage":"fr-FR"},{"@type":"Organization","@id":"https:\/\/life.itu.int\/retraites\/#organization","name":"Association des anciens fonctionnaires de l\u2019Union Internationale des T\u00e9l\u00e9communications","url":"https:\/\/life.itu.int\/retraites\/","logo":{"@type":"ImageObject","inLanguage":"fr-FR","@id":"https:\/\/life.itu.int\/retraites\/#\/schema\/logo\/image\/","url":"https:\/\/life.itu.int\/retraites\/wp-content\/uploads\/sites\/15\/2024\/11\/cropped-Screenshot-2024-11-20-at-08.41.46.png","contentUrl":"https:\/\/life.itu.int\/retraites\/wp-content\/uploads\/sites\/15\/2024\/11\/cropped-Screenshot-2024-11-20-at-08.41.46.png","width":512,"height":512,"caption":"Association des anciens fonctionnaires de l\u2019Union Internationale des T\u00e9l\u00e9communications"},"image":{"@id":"https:\/\/life.itu.int\/retraites\/#\/schema\/logo\/image\/"}}]}},"_links":{"self":[{"href":"https:\/\/life.itu.int\/retraites\/wp-json\/wp\/v2\/pages\/152","targetHints":{"allow":["GET"]}}],"collection":[{"href":"https:\/\/life.itu.int\/retraites\/wp-json\/wp\/v2\/pages"}],"about":[{"href":"https:\/\/life.itu.int\/retraites\/wp-json\/wp\/v2\/types\/page"}],"author":[{"embeddable":true,"href":"https:\/\/life.itu.int\/retraites\/wp-json\/wp\/v2\/users\/15"}],"replies":[{"embeddable":true,"href":"https:\/\/life.itu.int\/retraites\/wp-json\/wp\/v2\/comments?post=152"}],"version-history":[{"count":0,"href":"https:\/\/life.itu.int\/retraites\/wp-json\/wp\/v2\/pages\/152\/revisions"}],"wp:featuredmedia":[{"embeddable":true,"href":"https:\/\/life.itu.int\/retraites\/wp-json\/wp\/v2\/media\/102"}],"wp:attachment":[{"href":"https:\/\/life.itu.int\/retraites\/wp-json\/wp\/v2\/media?parent=152"}],"curies":[{"name":"wp","href":"https:\/\/api.w.org\/{rel}","templated":true}]}}